{"id":2012,"date":"2016-08-25T13:10:05","date_gmt":"2016-08-25T11:10:05","guid":{"rendered":"http:\/\/pres-i-dent.morekart.pl\/?page_id=2012"},"modified":"2023-03-21T11:01:39","modified_gmt":"2023-03-21T10:01:39","slug":"contact","status":"publish","type":"page","link":"https:\/\/pres-i-dent.pl\/en\/contact\/","title":{"rendered":"Contact"},"content":{"rendered":"<p>[vc_row full_width=&#8221;stretch_row_content_no_spaces&#8221;][vc_column][stm_gmap map_zoom=&#8221;13&#8243; disable_mouse_whell=&#8221;disable&#8221; lat=&#8221;51.119885&#8243; lng=&#8221;17.012460&#8243;][\/vc_column][\/vc_row][vc_row gap=&#8221;30&#8243; css=&#8221;.vc_custom_1471466510786{margin-bottom: 60px !important;}&#8221;][vc_column width=&#8221;5\/12&#8243; css=&#8221;.vc_custom_1471466047497{margin-bottom: 30px !important;}&#8221; offset=&#8221;vc_col-lg-4 vc_col-md-4&#8243; el_class=&#8221;fatBorder&#8221;][vc_column_text]<strong>Contact details:<\/strong><br \/>\nPRES-I-DENT<br \/>\nCentrum Stomatologiczne NZOZ<br \/>\nUl. \u0141\u0119czycka 9<br \/>\n53-632 Wroc\u0142aw[\/vc_column_text][vc_column_text]tel\/fax: +48.71.373-58-99<br \/>\ne-mail: info@pres-i-dent.pl[\/vc_column_text][vc_column_text]<strong>Open hours:<\/strong><br \/>\nBy appointment only[\/vc_column_text][vc_column_text]<strong>Approach:<\/strong><br \/>\n&#8211; map: see map directions<br \/>\n&#8211; by busses: 127, 135, 435, 128, C[\/vc_column_text][\/vc_column][vc_column width=&#8221;7\/12&#8243; css=&#8221;.vc_custom_1443298031143{margin-bottom: 30px !important;}&#8221; offset=&#8221;vc_col-lg-8 vc_col-md-8&#8243;][vc_custom_heading text=&#8221;Contact form:&#8221; font_container=&#8221;tag:h4|font_size:30px|text_align:left&#8221; google_fonts=&#8221;font_family:Roboto%3A100%2C100italic%2C300%2C300italic%2Cregular%2Citalic%2C500%2C500italic%2C700%2C700italic%2C900%2C900italic|font_style:500%20bold%20regular%3A500%3Anormal&#8221; css=&#8221;.vc_custom_1472123611728{margin-bottom: 40px !important;}&#8221;]<div role=\"form\" class=\"wpcf7\" id=\"wpcf7-f2219-o1\" lang=\"en-US\" dir=\"ltr\">\n<div class=\"screen-reader-response\"><p role=\"status\" aria-live=\"polite\" aria-atomic=\"true\"><\/p> <ul><\/ul><\/div>\n<form action=\"\/en\/wp-json\/wp\/v2\/pages\/2012#wpcf7-f2219-o1\" method=\"post\" class=\"wpcf7-form init\" novalidate=\"novalidate\" data-status=\"init\">\n<div style=\"display: none;\">\n<input type=\"hidden\" name=\"_wpcf7\" value=\"2219\" \/>\n<input type=\"hidden\" name=\"_wpcf7_version\" value=\"5.4.2\" \/>\n<input type=\"hidden\" name=\"_wpcf7_locale\" value=\"en_US\" \/>\n<input type=\"hidden\" name=\"_wpcf7_unit_tag\" value=\"wpcf7-f2219-o1\" \/>\n<input type=\"hidden\" name=\"_wpcf7_container_post\" value=\"0\" \/>\n<input type=\"hidden\" name=\"_wpcf7_posted_data_hash\" value=\"\" \/>\n<input type=\"hidden\" name=\"_wpcf7_recaptcha_response\" value=\"\" \/>\n<\/div>\n<div class=\"row\">\n<div class=\"col-lg-6 col-md-5 col-sm-12 col-xs-12\">\n<div class=\"input-group\">\n       <span class=\"wpcf7-form-control-wrap imie\"><input type=\"text\" name=\"imie\" value=\"\" size=\"40\" class=\"wpcf7-form-control wpcf7-text wpcf7-validates-as-required\" aria-required=\"true\" aria-invalid=\"false\" placeholder=\"Name *\" \/><\/span><span class=\"input-addon\"><i class=\"fa fa-user\" aria-hidden=\"true\"><\/i><\/span>\n     <\/div>\n<div class=\"input-group\">\n       <span class=\"wpcf7-form-control-wrap email\"><input type=\"email\" name=\"email\" value=\"\" size=\"40\" class=\"wpcf7-form-control wpcf7-text wpcf7-email wpcf7-validates-as-required wpcf7-validates-as-email\" aria-required=\"true\" aria-invalid=\"false\" placeholder=\"Email *\" \/><\/span><span class=\"input-addon\"><i class=\"fa fa-envelope-o\" aria-hidden=\"true\"><\/i><\/span><\/p>\n<\/div>\n<\/div>\n<div class=\"col-lg-6 col-md-7 col-sm-12 col-xs-12\">\n<div class=\"input-group\">\n         <span class=\"wpcf7-form-control-wrap nazwisko\"><input type=\"text\" name=\"nazwisko\" value=\"\" size=\"40\" class=\"wpcf7-form-control wpcf7-text wpcf7-validates-as-required\" aria-required=\"true\" aria-invalid=\"false\" placeholder=\"Surname *\" \/><\/span><span class=\"input-addon\"><i class=\"fa fa-user\" aria-hidden=\"true\"><\/i><\/span>\n     <\/div>\n<div class=\"input-group\">\n                <span class=\"wpcf7-form-control-wrap telefon\"><input type=\"tel\" name=\"telefon\" value=\"\" size=\"40\" class=\"wpcf7-form-control wpcf7-text wpcf7-tel wpcf7-validates-as-required wpcf7-validates-as-tel\" aria-required=\"true\" aria-invalid=\"false\" placeholder=\"Phone number *\" \/><\/span><span class=\"input-addon\"><i class=\"fa fa-phone\" aria-hidden=\"true\"><\/i><\/span>\n<\/div>\n<\/div>\n<div class=\"col-lg-12 col-md-7 col-sm-12 col-xs-12\">\n<div class=\"input-group no-bordered\">\n <span class=\"wpcf7-form-control-wrap message\"><textarea name=\"message\" cols=\"40\" rows=\"10\" class=\"wpcf7-form-control wpcf7-textarea wpcf7-validates-as-required feedback\" aria-required=\"true\" aria-invalid=\"false\" placeholder=\"Message\"><\/textarea><\/span>\n<\/div>\n<\/div>\n<\/div>\n<p class=\"gpdr\"><span class=\"wpcf7-form-control-wrap checkbox-86\"><span class=\"wpcf7-form-control wpcf7-checkbox wpcf7-validates-as-required\"><span class=\"wpcf7-list-item first last\"><input type=\"checkbox\" name=\"checkbox-86[]\" value=\"I authorize the use of my data to receive information (or quotes), my data will not be sold or distributed to other companies. I may at any time request to be removed from this database.\" \/><span class=\"wpcf7-list-item-label\">I authorize the use of my data to receive information (or quotes), my data will not be sold or distributed to other companies. I may at any time request to be removed from this database.<\/span><\/span><\/span><\/span><\/p>\n\n<p><input type=\"submit\" value=\"Submit\" class=\"wpcf7-form-control wpcf7-submit button square\" \/><br \/>\n<span class=\"little\">* - Required fields<\/p>\n<div class=\"wpcf7-response-output\" aria-hidden=\"true\"><\/div><\/form><\/div>[\/vc_column][\/vc_row]<\/p>\n","protected":false},"excerpt":{"rendered":"<p>[vc_row full_width=&#8221;stretch_row_content_no_spaces&#8221;][vc_column][stm_gmap map_zoom=&#8221;13&#8243; disable_mouse_whell=&#8221;disable&#8221; lat=&#8221;51.119885&#8243; lng=&#8221;17.012460&#8243;][\/vc_column][\/vc_row][vc_row gap=&#8221;30&#8243; css=&#8221;.vc_custom_1471466510786{margin-bottom: 60px !important;}&#8221;][vc_column width=&#8221;5\/12&#8243; css=&#8221;.vc_custom_1471466047497{margin-bottom: 30px !important;}&#8221; offset=&#8221;vc_col-lg-4 vc_col-md-4&#8243; el_class=&#8221;fatBorder&#8221;][vc_column_text]Contact details: PRES-I-DENT Centrum Stomatologiczne NZOZ Ul. \u0141\u0119czycka 9 53-632 Wroc\u0142aw[\/vc_column_text][vc_column_text]tel\/fax: +48.71.373-58-99 e-mail: info@pres-i-dent.pl[\/vc_column_text][vc_column_text]Open hours: By appointment only[\/vc_column_text][vc_column_text]Approach: &#8211; map: see map directions &#8211; by busses: 127, 135, 435, 128, C[\/vc_column_text][\/vc_column][vc_column width=&#8221;7\/12&#8243; css=&#8221;.vc_custom_1443298031143{margin-bottom: 30px !important;}&#8221; offset=&#8221;vc_col-lg-8 vc_col-md-8&#8243;][vc_custom_heading text=&#8221;Contact form:&#8221;&#8230;<\/p>\n","protected":false},"author":1,"featured_media":0,"parent":0,"menu_order":0,"comment_status":"closed","ping_status":"closed","template":"","meta":{"_monsterinsights_skip_tracking":false,"_monsterinsights_sitenote_active":false,"_monsterinsights_sitenote_note":"","_monsterinsights_sitenote_category":0},"yoast_head":"<!-- This site is optimized with the Yoast SEO plugin v17.1 - https:\/\/yoast.com\/wordpress\/plugins\/seo\/ -->\n<title>Dentist Root canal treatment Wroc\u0142aw - Contact - Pres-i-dent<\/title>\n<meta name=\"description\" content=\"Pres-i-dent - In our clinic we offer a root canal treatments and dental implants. We invite you to Wroclaw.\" \/>\n<meta name=\"robots\" content=\"index, follow, max-snippet:-1, max-image-preview:large, max-video-preview:-1\" \/>\n<link rel=\"canonical\" href=\"https:\/\/pres-i-dent.pl\/en\/contact\/\" \/>\n<meta property=\"og:locale\" content=\"en_US\" \/>\n<meta property=\"og:type\" content=\"article\" \/>\n<meta property=\"og:title\" content=\"Dentist Root canal treatment Wroc\u0142aw - Contact - Pres-i-dent\" \/>\n<meta property=\"og:description\" content=\"Pres-i-dent - In our clinic we offer a root canal treatments and dental implants. We invite you to Wroclaw.\" \/>\n<meta property=\"og:url\" content=\"https:\/\/pres-i-dent.pl\/en\/contact\/\" \/>\n<meta property=\"og:site_name\" content=\"Pres-i-dent\" \/>\n<meta property=\"article:modified_time\" content=\"2023-03-21T10:01:39+00:00\" \/>\n<meta name=\"twitter:card\" content=\"summary\" \/>\n<meta name=\"twitter:label1\" content=\"Est. reading time\" \/>\n\t<meta name=\"twitter:data1\" content=\"1 minute\" \/>\n<script type=\"application\/ld+json\" class=\"yoast-schema-graph\">{\"@context\":\"https:\/\/schema.org\",\"@graph\":[{\"@type\":\"WebSite\",\"@id\":\"https:\/\/pres-i-dent.pl\/#website\",\"url\":\"https:\/\/pres-i-dent.pl\/\",\"name\":\"Pres-i-dent\",\"description\":\"Centrum Stomatologiczne\",\"potentialAction\":[{\"@type\":\"SearchAction\",\"target\":{\"@type\":\"EntryPoint\",\"urlTemplate\":\"https:\/\/pres-i-dent.pl\/?s={search_term_string}\"},\"query-input\":\"required name=search_term_string\"}],\"inLanguage\":\"en-US\"},{\"@type\":\"WebPage\",\"@id\":\"https:\/\/pres-i-dent.pl\/en\/contact\/#webpage\",\"url\":\"https:\/\/pres-i-dent.pl\/en\/contact\/\",\"name\":\"Dentist Root canal treatment Wroc\\u0142aw - Contact - Pres-i-dent\",\"isPartOf\":{\"@id\":\"https:\/\/pres-i-dent.pl\/#website\"},\"datePublished\":\"2016-08-25T11:10:05+00:00\",\"dateModified\":\"2023-03-21T10:01:39+00:00\",\"description\":\"Pres-i-dent - In our clinic we offer a root canal treatments and dental implants. We invite you to Wroclaw.\",\"breadcrumb\":{\"@id\":\"https:\/\/pres-i-dent.pl\/en\/contact\/#breadcrumb\"},\"inLanguage\":\"en-US\",\"potentialAction\":[{\"@type\":\"ReadAction\",\"target\":[\"https:\/\/pres-i-dent.pl\/en\/contact\/\"]}]},{\"@type\":\"BreadcrumbList\",\"@id\":\"https:\/\/pres-i-dent.pl\/en\/contact\/#breadcrumb\",\"itemListElement\":[{\"@type\":\"ListItem\",\"position\":1,\"name\":\"Strona g\\u0142\\u00f3wna\",\"item\":\"http:\/\/pres-i-dent.pl\/en\/\"},{\"@type\":\"ListItem\",\"position\":2,\"name\":\"Contact\"}]}]}<\/script>\n<!-- \/ Yoast SEO plugin. -->","yoast_head_json":{"title":"Dentist Root canal treatment Wroc\u0142aw - Contact - Pres-i-dent","description":"Pres-i-dent - In our clinic we offer a root canal treatments and dental implants. We invite you to Wroclaw.","robots":{"index":"index","follow":"follow","max-snippet":"max-snippet:-1","max-image-preview":"max-image-preview:large","max-video-preview":"max-video-preview:-1"},"canonical":"https:\/\/pres-i-dent.pl\/en\/contact\/","og_locale":"en_US","og_type":"article","og_title":"Dentist Root canal treatment Wroc\u0142aw - Contact - Pres-i-dent","og_description":"Pres-i-dent - In our clinic we offer a root canal treatments and dental implants. We invite you to Wroclaw.","og_url":"https:\/\/pres-i-dent.pl\/en\/contact\/","og_site_name":"Pres-i-dent","article_modified_time":"2023-03-21T10:01:39+00:00","twitter_card":"summary","twitter_misc":{"Est. reading time":"1 minute"},"schema":{"@context":"https:\/\/schema.org","@graph":[{"@type":"WebSite","@id":"https:\/\/pres-i-dent.pl\/#website","url":"https:\/\/pres-i-dent.pl\/","name":"Pres-i-dent","description":"Centrum Stomatologiczne","potentialAction":[{"@type":"SearchAction","target":{"@type":"EntryPoint","urlTemplate":"https:\/\/pres-i-dent.pl\/?s={search_term_string}"},"query-input":"required name=search_term_string"}],"inLanguage":"en-US"},{"@type":"WebPage","@id":"https:\/\/pres-i-dent.pl\/en\/contact\/#webpage","url":"https:\/\/pres-i-dent.pl\/en\/contact\/","name":"Dentist Root canal treatment Wroc\u0142aw - Contact - Pres-i-dent","isPartOf":{"@id":"https:\/\/pres-i-dent.pl\/#website"},"datePublished":"2016-08-25T11:10:05+00:00","dateModified":"2023-03-21T10:01:39+00:00","description":"Pres-i-dent - In our clinic we offer a root canal treatments and dental implants. We invite you to Wroclaw.","breadcrumb":{"@id":"https:\/\/pres-i-dent.pl\/en\/contact\/#breadcrumb"},"inLanguage":"en-US","potentialAction":[{"@type":"ReadAction","target":["https:\/\/pres-i-dent.pl\/en\/contact\/"]}]},{"@type":"BreadcrumbList","@id":"https:\/\/pres-i-dent.pl\/en\/contact\/#breadcrumb","itemListElement":[{"@type":"ListItem","position":1,"name":"Strona g\u0142\u00f3wna","item":"http:\/\/pres-i-dent.pl\/en\/"},{"@type":"ListItem","position":2,"name":"Contact"}]}]}},"_links":{"self":[{"href":"https:\/\/pres-i-dent.pl\/en\/wp-json\/wp\/v2\/pages\/2012"}],"collection":[{"href":"https:\/\/pres-i-dent.pl\/en\/wp-json\/wp\/v2\/pages"}],"about":[{"href":"https:\/\/pres-i-dent.pl\/en\/wp-json\/wp\/v2\/types\/page"}],"author":[{"embeddable":true,"href":"https:\/\/pres-i-dent.pl\/en\/wp-json\/wp\/v2\/users\/1"}],"replies":[{"embeddable":true,"href":"https:\/\/pres-i-dent.pl\/en\/wp-json\/wp\/v2\/comments?post=2012"}],"version-history":[{"count":4,"href":"https:\/\/pres-i-dent.pl\/en\/wp-json\/wp\/v2\/pages\/2012\/revisions"}],"predecessor-version":[{"id":2729,"href":"https:\/\/pres-i-dent.pl\/en\/wp-json\/wp\/v2\/pages\/2012\/revisions\/2729"}],"wp:attachment":[{"href":"https:\/\/pres-i-dent.pl\/en\/wp-json\/wp\/v2\/media?parent=2012"}],"curies":[{"name":"wp","href":"https:\/\/api.w.org\/{rel}","templated":true}]}}